{"id":283,"date":"2018-09-25T20:02:37","date_gmt":"2018-09-25T20:02:37","guid":{"rendered":"http:\/\/c1380633.ferozo.com\/?page_id=283"},"modified":"2025-11-04T11:30:19","modified_gmt":"2025-11-04T14:30:19","slug":"reservas","status":"publish","type":"page","link":"https:\/\/gekopousada.com\/en\/reservas\/","title":{"rendered":"Reservations"},"content":{"rendered":"<p>[et_pb_section fb_built=&#8221;1&#8243; fullwidth=&#8221;on&#8221; _builder_version=&#8221;4.16&#8243; _module_preset=&#8221;default&#8221; background_color=&#8221;RGBA(255,255,255,0)&#8221; background_enable_image=&#8221;off&#8221; global_colors_info=&#8221;{}&#8221;][et_pb_fullwidth_slider _builder_version=&#8221;4.16&#8243; _module_preset=&#8221;default&#8221; background_image=&#8221;http:\/\/gekopousada.com\/wp-content\/uploads\/2022\/11\/GEKO-Headers-Frente.jpg&#8221; custom_padding=&#8221;66px||0px||false|false&#8221; global_colors_info=&#8221;{}&#8221;][et_pb_slide heading=&#8221;RESERVAS&#8221; use_bg_overlay=&#8221;off&#8221; use_text_overlay=&#8221;off&#8221; _builder_version=&#8221;4.16&#8243; _module_preset=&#8221;default&#8221; body_font_size=&#8221;18px&#8221; background_enable_color=&#8221;off&#8221; background_image=&#8221;http:\/\/gekopousada.com\/wp-content\/uploads\/2022\/11\/GEKO-tRANSFERS.jpg&#8221; background_enable_image=&#8221;on&#8221; custom_padding=&#8221;190px||190px||false|false&#8221; header_font_size_tablet=&#8221;&#8221; header_font_size_phone=&#8221;30px&#8221; header_font_size_last_edited=&#8221;on|desktop&#8221; global_colors_info=&#8221;{}&#8221; sticky_transition=&#8221;on&#8221;][\/et_pb_slide][\/et_pb_fullwidth_slider][\/et_pb_section][et_pb_section fb_built=&#8221;1&#8243; _builder_version=&#8221;4.16&#8243; _module_preset=&#8221;default&#8221; background_image=&#8221;http:\/\/gekopousada.com\/wp-content\/uploads\/2022\/12\/Back-Reservas-Final.jpg&#8221; custom_padding=&#8221;||117px|||&#8221; global_colors_info=&#8221;{}&#8221;][et_pb_row custom_padding_last_edited=&#8221;on|tablet&#8221; _builder_version=&#8221;4.16&#8243; _module_preset=&#8221;default&#8221; custom_margin_tablet=&#8221;&#8221; custom_margin_phone=&#8221;-40px||||false|false&#8221; custom_margin_last_edited=&#8221;on|phone&#8221; custom_padding=&#8221;||44px||false|false&#8221; custom_padding_tablet=&#8221;||44px||false|false&#8221; custom_padding_phone=&#8221;||132px||false|false&#8221; global_colors_info=&#8221;{}&#8221;][et_pb_column type=&#8221;4_4&#8243; _builder_version=&#8221;4.16&#8243; _module_preset=&#8221;default&#8221; global_colors_info=&#8221;{}&#8221;][et_pb_text _builder_version=&#8221;4.16&#8243; _module_preset=&#8221;default&#8221; header_font=&#8221;|600|||||||&#8221; header_text_color=&#8221;#FFFFFF&#8221; header_font_size=&#8221;32px&#8221; header_2_font=&#8221;|700|||||||&#8221; header_text_align_tablet=&#8221;&#8221; header_text_align_phone=&#8221;center&#8221; header_text_align_last_edited=&#8221;on|phone&#8221; header_font_size_tablet=&#8221;30px&#8221; header_font_size_phone=&#8221;22px&#8221; header_font_size_last_edited=&#8221;on|desktop&#8221; global_colors_info=&#8221;{}&#8221;]<\/p>\n<h1 class=\"tw-data-text tw-text-large tw-ta\" data-placeholder=\"Traducci\u00f3n\" id=\"tw-target-text\" dir=\"ltr\">Por que reservar no Geko Pousada?<\/h1>\n<p>[\/et_pb_text][et_pb_text _builder_version=&#8221;4.16&#8243; _module_preset=&#8221;default&#8221; text_text_color=&#8221;#FFFFFF&#8221; custom_margin=&#8221;45px||||false|false&#8221; custom_margin_tablet=&#8221;45px||||false|false&#8221; custom_margin_phone=&#8221;40px||||false|false&#8221; custom_margin_last_edited=&#8221;on|phone&#8221; global_colors_info=&#8221;{}&#8221;]<\/p>\n<p><span style=\"font-weight: 400;\">Vamos te dar v\u00e1rios motivos para voc\u00ea escolher Geko Pousada em Paraty!<\/span><\/p>\n<p>Nossa localiza\u00e7\u00e3o \u00e9 perfeita!! Na praia do Pontal, s\u00f3 atravessando a rua tem nosso Beach Bar onde vai tomar o caf\u00e9 da manh\u00e3, e poder\u00e1 curtir deliciosas refei\u00e7\u00f5es e drinques at\u00e9 meia noite! Estamos a 200 metros do Centro Hist\u00f3rico, principal ponto tur\u00edstico da cidade, declarado patrim\u00f4nio mundial pela Unesco. Uma joia hist\u00f3rica que vai fazer voc\u00ea viajar no tempo. Perto dos mais importantes atrativos tur\u00edsticos, poder\u00e1 esquecer do carro e fazer tudo andando.<\/p>\n<p>Todos os dias come\u00e7am com o p\u00e9 na areia, vivendo uma experi\u00eancia \u00fanica na cidade! Nossos quartos acomodam confortavelmente de 1 \u00e1 8 pessoas. Hospedamos a quem escolhe viajar sozinho, casais que querem ter dias rom\u00e2nticos, grupos de fam\u00edlias e amigos que gostam de passear juntos e curtir dias de praia e se divertir. Todos s\u00e3o bem-vindos no Geko Pousada!<\/p>\n<p>Temos uma equipe treinada para bem receb\u00ea-los! Nosso atendimento tamb\u00e9m \u00e9 nosso diferencial! Desde o primeiro contato com a Central de Reservas at\u00e9 a Recep\u00e7\u00e3o, o time de manuten\u00e7\u00e3o e limpeza, e o pessoal do Beach Bar, trabalhamos em equipe para oferecer a melhor experi\u00eancia de hospedagem em Paraty. Conosco podem reservar passeios e transfers, atividades, solicitar informa\u00e7\u00e3o tur\u00edstica, contratar servi\u00e7o de lavanderia, ter acesso \u00e0 internet gratuito, se deliciar com comida cai\u00e7ara e drinques inesquec\u00edveis, curtir o som na praia!<\/p>\n<p>[\/et_pb_text][et_pb_button button_url=&#8221;https:\/\/gekopousada.reservadirecto.com\/lp.html&#8221; url_new_window=&#8221;on&#8221; button_text=&#8221;Reserve agora&#8221; button_alignment=&#8221;center&#8221; button_alignment_tablet=&#8221;center&#8221; button_alignment_phone=&#8221;center&#8221; button_alignment_last_edited=&#8221;on|phone&#8221; _builder_version=&#8221;4.27.4&#8243; _module_preset=&#8221;default&#8221; custom_button=&#8221;on&#8221; button_text_color=&#8221;#f25f5c&#8221; button_bg_color=&#8221;#FFFFFF&#8221; button_border_width=&#8221;0px&#8221; button_border_radius=&#8221;10px&#8221; custom_margin=&#8221;50px||||false|false&#8221; custom_margin_tablet=&#8221;||55px||false|false&#8221; custom_margin_phone=&#8221;||55px||false|false&#8221; custom_margin_last_edited=&#8221;on|desktop&#8221; hover_enabled=&#8221;0&#8243; button_border_radius_tablet=&#8221;10px&#8221; button_border_radius_phone=&#8221;10px&#8221; button_border_radius_last_edited=&#8221;on|desktop&#8221; global_colors_info=&#8221;{}&#8221; sticky_enabled=&#8221;0&#8243;][\/et_pb_button][\/et_pb_column][\/et_pb_row][\/et_pb_section][et_pb_section fb_built=&#8221;1&#8243; _builder_version=&#8221;4.16&#8243; _module_preset=&#8221;default&#8221; background_color=&#8221;#e8e8e8&#8243; custom_padding=&#8221;14px|||||&#8221; global_colors_info=&#8221;{}&#8221;][et_pb_row _builder_version=&#8221;4.16&#8243; _module_preset=&#8221;default&#8221; global_colors_info=&#8221;{}&#8221;][et_pb_column type=&#8221;4_4&#8243; _builder_version=&#8221;4.16&#8243; _module_preset=&#8221;default&#8221; global_colors_info=&#8221;{}&#8221;][et_pb_text _builder_version=&#8221;4.16&#8243; _module_preset=&#8221;default&#8221; header_font=&#8221;|600|||||||&#8221; header_text_align=&#8221;center&#8221; header_font_size=&#8221;32px&#8221; header_2_font=&#8221;|700|||||||&#8221; header_text_align_tablet=&#8221;&#8221; header_text_align_phone=&#8221;center&#8221; header_text_align_last_edited=&#8221;on|phone&#8221; header_font_size_tablet=&#8221;30px&#8221; header_font_size_phone=&#8221;22px&#8221; header_font_size_last_edited=&#8221;on|desktop&#8221; global_colors_info=&#8221;{}&#8221;]<\/p>\n<h1 class=\"tw-data-text tw-text-large tw-ta\" data-placeholder=\"Traducci\u00f3n\" id=\"tw-target-text\" dir=\"ltr\">Formas de Pagamento<\/h1>\n<p>[\/et_pb_text][\/et_pb_column][\/et_pb_row][et_pb_row column_structure=&#8221;2_3,1_3&#8243; _builder_version=&#8221;4.16&#8243; _module_preset=&#8221;default&#8221; global_colors_info=&#8221;{}&#8221;][et_pb_column type=&#8221;2_3&#8243; _builder_version=&#8221;4.16&#8243; _module_preset=&#8221;default&#8221; global_colors_info=&#8221;{}&#8221;][et_pb_accordion open_toggle_text_color=&#8221;#e25041&#8243; closed_toggle_text_color=&#8221;#FFFFFF&#8221; closed_toggle_background_color=&#8221;#e25041&#8243; _builder_version=&#8221;4.16&#8243; _module_preset=&#8221;default&#8221; animation_style=&#8221;slide&#8221; animation_direction=&#8221;left&#8221; global_colors_info=&#8221;{}&#8221;][et_pb_accordion_item title=&#8221;Dep\u00f3sito em Conta:&#8221; open=&#8221;on&#8221; _builder_version=&#8221;4.16&#8243; _module_preset=&#8221;default&#8221; global_colors_info=&#8221;{}&#8221; toggle_level=&#8221;h3&#8243; toggle_font=&#8221;|600|||||||&#8221;]<\/p>\n<p>Chave Pix | CNPJ: 10.800.610\/0001-23<\/p>\n<p>&#8211; Banco: Cora SDC &#8211; N\u00famero 403 \/ Nome: Geko Hostel e Pousada \/ CNPJ: 10.800.610\/0001-23\/ Ag\u00eancia: 0001 \/ Conta Corrente: 1070533-7 &#8211;<\/p>\n<p>&#8211; Banco: Banco do Brasil \/ Nome: Lisandro Abrile \u00c1vila\/ Ag\u00eancia: 2406-6\/ Conta N\u00b0: 1<b>9422-0\/ CPF: 846.282.940-20<\/b><\/p>\n<p>[\/et_pb_accordion_item][et_pb_accordion_item title=&#8221;Pagamentos com Cart\u00e3o de Cr\u00e9dito:&#8221; _builder_version=&#8221;4.16&#8243; _module_preset=&#8221;default&#8221; global_colors_info=&#8221;{}&#8221; toggle_level=&#8221;h3&#8243; toggle_font=&#8221;|600|||||||&#8221; open=&#8221;off&#8221;]<\/p>\n<p><a href=\"http:\/\/link.mercadopago.com.br\/gekopousada\">http:\/\/link.mercadopago.com.br\/gekopousada<\/a><\/p>\n<p>[\/et_pb_accordion_item][et_pb_accordion_item title=&#8221; Pagos em dolares, euros e libras desde o exterior:&#8221; _builder_version=&#8221;4.16&#8243; _module_preset=&#8221;default&#8221; global_colors_info=&#8221;{}&#8221; toggle_level=&#8221;h3&#8243; toggle_font=&#8221;|600|||||||&#8221; open=&#8221;off&#8221;]<\/p>\n<p>Fa\u00e7a uma transferencia com custo local na sua moeda pela plataforma Wise. Ou se preferir, enviamos um pedido de pagamento pelo PAYPAL. Entre em contato pelo chat e pe\u00e7a seu pedido de pagamento.<\/p>\n<p>[\/et_pb_accordion_item][\/et_pb_accordion][\/et_pb_column][et_pb_column type=&#8221;1_3&#8243; _builder_version=&#8221;4.16&#8243; _module_preset=&#8221;default&#8221; global_colors_info=&#8221;{}&#8221;][et_pb_image src=&#8221;http:\/\/gekopousada.com\/wp-content\/uploads\/2020\/07\/cropped-favicon.png&#8221; title_text=&#8221;cropped-favicon.png&#8221; align=&#8221;center&#8221; align_tablet=&#8221;center&#8221; align_phone=&#8221;center&#8221; align_last_edited=&#8221;on|desktop&#8221; _builder_version=&#8221;4.16&#8243; _module_preset=&#8221;default&#8221; width_tablet=&#8221;45%&#8221; width_phone=&#8221;60%&#8221; width_last_edited=&#8221;on|phone&#8221; animation_style=&#8221;slide&#8221; animation_direction=&#8221;right&#8221; global_colors_info=&#8221;{}&#8221;][\/et_pb_image][\/et_pb_column][\/et_pb_row][\/et_pb_section][et_pb_section fb_built=&#8221;1&#8243; _builder_version=&#8221;4.16&#8243; _module_preset=&#8221;default&#8221; custom_padding=&#8221;26px||0px|||&#8221; global_colors_info=&#8221;{}&#8221;][et_pb_row _builder_version=&#8221;4.16&#8243; _module_preset=&#8221;default&#8221; global_colors_info=&#8221;{}&#8221;][et_pb_column type=&#8221;4_4&#8243; _builder_version=&#8221;4.16&#8243; _module_preset=&#8221;default&#8221; global_colors_info=&#8221;{}&#8221;][et_pb_text _builder_version=&#8221;4.16&#8243; _module_preset=&#8221;default&#8221; header_font=&#8221;|600|||||||&#8221; header_text_align=&#8221;center&#8221; header_font_size=&#8221;32px&#8221; header_2_font=&#8221;|700|||||||&#8221; header_text_align_tablet=&#8221;&#8221; header_text_align_phone=&#8221;center&#8221; header_text_align_last_edited=&#8221;on|phone&#8221; header_font_size_tablet=&#8221;30px&#8221; header_font_size_phone=&#8221;22px&#8221; header_font_size_last_edited=&#8221;on|desktop&#8221; global_colors_info=&#8221;{}&#8221;]<\/p>\n<h1 class=\"tw-data-text tw-text-large tw-ta\" data-placeholder=\"Traducci\u00f3n\" id=\"tw-target-text\" dir=\"ltr\">Localiza\u00e7\u00e3o<\/h1>\n<p>[\/et_pb_text][\/et_pb_column][\/et_pb_row][et_pb_row _builder_version=&#8221;4.16&#8243; _module_preset=&#8221;default&#8221; width=&#8221;100%&#8221; module_alignment=&#8221;center&#8221; custom_padding=&#8221;0px||2px|||&#8221; global_colors_info=&#8221;{}&#8221;][et_pb_column type=&#8221;4_4&#8243; _builder_version=&#8221;4.16&#8243; _module_preset=&#8221;default&#8221; global_colors_info=&#8221;{}&#8221;][et_pb_code _builder_version=&#8221;4.16&#8243; _module_preset=&#8221;default&#8221; global_colors_info=&#8221;{}&#8221;]<iframe src=\"https:\/\/www.google.com\/maps\/embed?pb=!1m18!1m12!1m3!1d2180.2743253156923!2d-44.711591822735855!3d-23.215061057848228!2m3!1f0!2f0!3f0!3m2!1i1024!2i768!4f13.1!3m3!1m2!1s0x9d6d225e06192b%3A0x1590e21f06c19787!2sGeko%20Hostel%20%26%20Pousada%20Paraty!5e0!3m2!1ses!2sar!4v1665511098694!5m2!1ses!2sar\" width=\"1920\" height=\"350\" style=\"border:0;\" allowfullscreen=\"\" loading=\"lazy\" referrerpolicy=\"no-referrer-when-downgrade\"><\/iframe>[\/et_pb_code][\/et_pb_column][\/et_pb_row][\/et_pb_section]<\/p>\n","protected":false},"excerpt":{"rendered":"<p>Por que reservar no Geko Pousada?Vamos te dar v\u00e1rios motivos para voc\u00ea escolher Geko Pousada em Paraty! Nossa localiza\u00e7\u00e3o \u00e9 perfeita!! Na praia do Pontal, s\u00f3 atravessando a rua tem nosso Beach Bar onde vai tomar o caf\u00e9 da manh\u00e3, e poder\u00e1 curtir deliciosas refei\u00e7\u00f5es e drinques at\u00e9 meia noite! Estamos a 200 metros do [&hellip;]<\/p>\n","protected":false},"author":2,"featured_media":0,"parent":0,"menu_order":13,"comment_status":"closed","ping_status":"closed","template":"","meta":{"_et_pb_use_builder":"on","_et_pb_old_content":"<h2><a href=\"https:\/\/new-booking.frontdeskmaster.com\/?hostelId=JJj5kyzgx9Re%2F3%2BICSHvwepXalui6S%2B3\">RESERVA DIREITA\n\n<\/a><a href=\"https:\/\/new-booking.frontdeskmaster.com\/?hostelId=JJj5kyzgx9Re%2F3%2BICSHvwepXalui6S%2B3\">Geko Hostel &amp; Pousada Paraty<\/a><\/h2>\n<a role=\"button\">\nRESERVAR\n<\/a>\n<input type=\"hidden\" id=\"fdm-bookingengine-hotelid\" name=\"fdm-bookingengine-hotelid\" value=\"JJj5kyzgx9Re%2F3%2BICSHvwepXalui6S%2B3\">\n<iframe><input type=\"hidden\" id=\"fdm-bookingengine-hotelid\" name=\"fdm-bookingengine-hotelid\" value=\"JJj5kyzgx9Re%2F3%2BICSHvwepXalui6S%2B3\"><\/iframe>\n<h2>FORMAS DE PAGAMENTO\nCONTAS DE BANCO | TRANSFER\u00caNCIA BANC\u00c1RIA<\/h2>\n<a href=\"\"><img src=\"https:\/\/www.gekohostel.com\/wp-content\/uploads\/2020\/02\/itau-banco.png\" width=\"80px\"> | Banco Ita\u00fa<\/a>\n\nBanco Ita\u00fa Unibanco SA \u2013 N\u00famero: 341\n\nNome: Geko Servi\u00e7os de Hotelaria Ltda.\n\nCNPJ: 10.800.610\/0001-23\n\nAg\u00eancia: 4841\n\nConta Corrente: 10789-1\n\n<i>* Por favor&nbsp;enviar pelo email&nbsp;<a href=\"mailto:reservas@gekopousada.com\">reservas@gekopousada.com<\/a>&nbsp;a digitaliza\u00e7\u00e3o da opera\u00e7\u00e3o,&nbsp;ap\u00f3s fazer o pagamento.<\/i>\n\n<a href=\"\"><img src=\"https:\/\/www.gekohostel.com\/wp-content\/uploads\/2020\/02\/banco-brasil-1.png\" width=\"80px\"> | Banco do Brasil<\/a>\n\nNome: Lisandro Abrile Avila\n\nAg\u00eancia: 2406-6\n\nConta N\u00b0: 19422-0\n\nCPF: 846 282 940-20\n\n<iframe frameborder=\"0\" scrolling=\"no\" marginheight=\"0\" marginwidth=\"0\" src=\"https:\/\/maps.google.com\/maps?q=Geko%20Hostel%20Pousada%20Paraty&amp;t=m&amp;z=17&amp;output=embed&amp;iwloc=near\" aria-label=\"Geko Hostel Pousada Paraty\"><\/iframe>","_et_gb_content_width":"1080","footnotes":""},"class_list":["post-283","page","type-page","status-publish","hentry"],"_links":{"self":[{"href":"https:\/\/gekopousada.com\/en\/wp-json\/wp\/v2\/pages\/283","targetHints":{"allow":["GET"]}}],"collection":[{"href":"https:\/\/gekopousada.com\/en\/wp-json\/wp\/v2\/pages"}],"about":[{"href":"https:\/\/gekopousada.com\/en\/wp-json\/wp\/v2\/types\/page"}],"author":[{"embeddable":true,"href":"https:\/\/gekopousada.com\/en\/wp-json\/wp\/v2\/users\/2"}],"replies":[{"embeddable":true,"href":"https:\/\/gekopousada.com\/en\/wp-json\/wp\/v2\/comments?post=283"}],"version-history":[{"count":51,"href":"https:\/\/gekopousada.com\/en\/wp-json\/wp\/v2\/pages\/283\/revisions"}],"predecessor-version":[{"id":7041,"href":"https:\/\/gekopousada.com\/en\/wp-json\/wp\/v2\/pages\/283\/revisions\/7041"}],"wp:attachment":[{"href":"https:\/\/gekopousada.com\/en\/wp-json\/wp\/v2\/media?parent=283"}],"curies":[{"name":"wp","href":"https:\/\/api.w.org\/{rel}","templated":true}]}}