{"id":2310,"date":"2019-04-10T21:38:22","date_gmt":"2019-04-10T21:38:22","guid":{"rendered":"http:\/\/c1441095.ferozo.com\/?page_id=2310"},"modified":"2024-11-20T08:46:53","modified_gmt":"2024-11-20T11:46:53","slug":"transfers","status":"publish","type":"page","link":"https:\/\/gekopousada.com\/en\/transfers\/","title":{"rendered":"Transfers Rio de Janeiro to Paraty"},"content":{"rendered":"<p>[et_pb_section fb_built=&#8221;1&#8243; fullwidth=&#8221;on&#8221; _builder_version=&#8221;4.16&#8243; _module_preset=&#8221;default&#8221; background_enable_image=&#8221;off&#8221; global_colors_info=&#8221;{}&#8221;][et_pb_fullwidth_slider _builder_version=&#8221;4.16&#8243; _module_preset=&#8221;default&#8221; background_enable_image=&#8221;off&#8221; custom_padding=&#8221;66px||0px||false|false&#8221; global_colors_info=&#8221;{}&#8221;][et_pb_slide heading=&#8221;TRANSFERS&#8221; use_bg_overlay=&#8221;off&#8221; use_text_overlay=&#8221;off&#8221; _builder_version=&#8221;4.16&#8243; _module_preset=&#8221;default&#8221; body_font_size=&#8221;18px&#8221; background_enable_color=&#8221;off&#8221; background_image=&#8221;http:\/\/gekopousada.com\/wp-content\/uploads\/2022\/12\/GEKO-Headers-Transfers.jpg&#8221; background_enable_image=&#8221;on&#8221; custom_padding=&#8221;190px||190px||false|false&#8221; header_font_size_tablet=&#8221;&#8221; header_font_size_phone=&#8221;30px&#8221; header_font_size_last_edited=&#8221;on|desktop&#8221; global_colors_info=&#8221;{}&#8221; sticky_transition=&#8221;on&#8221;][\/et_pb_slide][\/et_pb_fullwidth_slider][\/et_pb_section][et_pb_section fb_built=&#8221;1&#8243; _builder_version=&#8221;4.16&#8243; _module_preset=&#8221;default&#8221; background_image=&#8221;http:\/\/gekopousada.com\/wp-content\/uploads\/2022\/11\/Back-Branco-Tranfer.jpg&#8221; custom_padding=&#8221;115px||137px|||&#8221; global_colors_info=&#8221;{}&#8221;][et_pb_row _builder_version=&#8221;4.16&#8243; _module_preset=&#8221;default&#8221; custom_margin=&#8221;|auto|4px|auto||&#8221; global_colors_info=&#8221;{}&#8221;][et_pb_column type=&#8221;4_4&#8243; _builder_version=&#8221;4.16&#8243; _module_preset=&#8221;default&#8221; global_colors_info=&#8221;{}&#8221;][et_pb_text _builder_version=&#8221;4.16&#8243; _module_preset=&#8221;default&#8221; global_colors_info=&#8221;{}&#8221;]<\/p>\n<p><span style=\"font-weight: 400;\">Para quem n\u00e3o sabe como chegar em Paraty, ou n\u00e3o gosta de esperar e fazer conex\u00f5es, lhe oferecemos a melhor e mais segura op\u00e7\u00e3o de traslado at\u00e9 Paraty. Os <\/span><b>transfers regulares<\/b><span style=\"font-weight: 400;\"> saem de hot\u00e9is e aeroportos das cidades mais visitadas perto de Paraty:\u00a0 <\/span><b>Rio de Janeiro e S\u00e3o Paulo.<\/b><\/p>\n<p><span style=\"font-weight: 400;\">O servi\u00e7o sai da cidade onde voc\u00ea est\u00e1 e te deixa na porta do Geko Pousada. Tamb\u00e9m pode reservar o servi\u00e7o de <\/span><b>transfer <\/b><span style=\"font-weight: 400;\">saindo de <\/span><b>Paraty <\/b><span style=\"font-weight: 400;\">para outros destinos, pontos tur\u00edsticos da regi\u00e3o, ou principais <\/span><b>aeroportos<\/b><span style=\"font-weight: 400;\"> como <\/span><b>Guarulhos <\/b><span style=\"font-weight: 400;\">em S\u00e3o Paulo e <\/span><b>Gale\u00e3o\/Santos Dumont <\/b><span style=\"font-weight: 400;\">no Rio de Janeiro. O que precisa de forma r\u00e1pida e f\u00e1cil, sem complica\u00e7\u00f5es nem demoras.<\/span><\/p>\n<p>[\/et_pb_text][\/et_pb_column][\/et_pb_row][\/et_pb_section][et_pb_section fb_built=&#8221;1&#8243; _builder_version=&#8221;4.16&#8243; _module_preset=&#8221;default&#8221; background_color=&#8221;#e0e0e0&#8243; background_enable_image=&#8221;off&#8221; custom_margin=&#8221;0px||||false|false&#8221; custom_padding=&#8221;60px||62px||false|false&#8221; global_colors_info=&#8221;{}&#8221;][et_pb_row column_structure=&#8221;1_2,1_2&#8243; _builder_version=&#8221;4.16&#8243; _module_preset=&#8221;default&#8221; global_colors_info=&#8221;{}&#8221;][et_pb_column type=&#8221;1_2&#8243; _builder_version=&#8221;4.16&#8243; _module_preset=&#8221;default&#8221; global_colors_info=&#8221;{}&#8221;][et_pb_text _builder_version=&#8221;4.16&#8243; _module_preset=&#8221;default&#8221; global_colors_info=&#8221;{}&#8221;]<\/p>\n<div class=\"wpb_text_column wpb_content_element  vc_custom_1422038439861 dodisplay white\">\n<div class=\"wpb_wrapper\">\n<p><span style=\"font-weight: 400;\">Este servi\u00e7o opera todos os dias, e a tarifa \u00e9 por pessoa por trecho.<\/span><\/p>\n<p><span style=\"font-weight: 400;\">Para o traslado desde os AEROPORTOS do Rio de Janeiro (GIG \/ SDU) e S\u00e3o Paulo (GRU), o motorista estar\u00e1 aguardando os passageiros com uma placa de identifica\u00e7\u00e3o no setor de desembarque do v\u00f4o ou em local combinado.<\/span><\/p>\n<p><span style=\"font-weight: 400;\">Para os traslados desde HOT\u00c9IS no RIO zona sul (Copacabana \/ Ipanema \/ Leblon), e em S\u00e3o Paulo (Hotel Blue Tree Tower Paulista), o transfer buscar\u00e1 os passageiros nesses locais com destino \u00e0 cidade de PARATY.<\/span><\/p>\n<p><span style=\"font-weight: 400;\">Tamb\u00e9m oferecemos o servi\u00e7o de <\/span><b>transfer privativo<\/b><span style=\"font-weight: 400;\"> das cidades de S\u00e3o Paulo, Ubatuba, Paraty, Angra dos Reis, Mangaratiba, Rio de Janeiro e B\u00fazios, entre outras. O carro ser\u00e1 privado para o cliente que o solicitar, sendo poss\u00edvel assim escolher tanto o hor\u00e1rio quanto o local de pick up. Os valores v\u00e3o depender da quantidade de passageiros.<\/span><\/p>\n<p><span style=\"font-weight: 400;\">Todos os servi\u00e7os de transfers ser\u00e3o realizados mediante a solicita\u00e7\u00e3o de reserva com um m\u00ednimo de 48h de anteced\u00eancia.<\/span><\/p>\n<\/div>\n<\/div>\n<div class=\"wpb_text_column wpb_content_element vc_custom_1484763308493 dodisplay white\">\n<div class=\"wpb_wrapper\">\n<p>&nbsp;<\/p>\n<\/div>\n<\/div>\n<p>[\/et_pb_text][\/et_pb_column][et_pb_column type=&#8221;1_2&#8243; _builder_version=&#8221;4.16&#8243; _module_preset=&#8221;default&#8221; global_colors_info=&#8221;{}&#8221;][et_pb_image src=&#8221;http:\/\/gekopousada.com\/wp-content\/uploads\/2022\/11\/Transfers-Geko.jpg&#8221; title_text=&#8221;Transfers-Geko&#8221; _builder_version=&#8221;4.16&#8243; _module_preset=&#8221;default&#8221; global_colors_info=&#8221;{}&#8221;][\/et_pb_image][\/et_pb_column][\/et_pb_row][\/et_pb_section][et_pb_section fb_built=&#8221;1&#8243; _builder_version=&#8221;4.16&#8243; _module_preset=&#8221;default&#8221; global_colors_info=&#8221;{}&#8221;][et_pb_row _builder_version=&#8221;4.16&#8243; _module_preset=&#8221;default&#8221; global_colors_info=&#8221;{}&#8221;][et_pb_column type=&#8221;4_4&#8243; _builder_version=&#8221;4.16&#8243; _module_preset=&#8221;default&#8221; global_colors_info=&#8221;{}&#8221;][et_pb_text _builder_version=&#8221;4.16&#8243; _module_preset=&#8221;default&#8221; header_font=&#8221;|600|||||||&#8221; header_text_align=&#8221;center&#8221; header_font_size=&#8221;32px&#8221; header_2_font=&#8221;|700|||||||&#8221; header_text_align_tablet=&#8221;&#8221; header_text_align_phone=&#8221;center&#8221; header_text_align_last_edited=&#8221;on|phone&#8221; header_font_size_tablet=&#8221;30px&#8221; header_font_size_phone=&#8221;22px&#8221; header_font_size_last_edited=&#8221;on|desktop&#8221; global_colors_info=&#8221;{}&#8221;]<\/p>\n<h1 class=\"tw-data-text tw-text-large tw-ta\" data-placeholder=\"Traducci\u00f3n\" id=\"tw-target-text\" dir=\"ltr\">Consulte Cota\u00e7\u00e3o<\/h1>\n<p>[\/et_pb_text][et_pb_contact_form use_spam_service=&#8221;on&#8221; recaptcha_list=&#8221;Geko Recap|Geko Recap-0&#8243; email=&#8221;reservas@gekopousada.com&#8221; custom_message=&#8221;Contato a trav\u00e9s de formulario web Transfers||et_pb_line_break_holder||Nome: %%Name%%||et_pb_line_break_holder||M\u00f3vel: %%Phone%%||et_pb_line_break_holder||E-mail: %%Email%%||et_pb_line_break_holder||Data: %%Data%%||et_pb_line_break_holder||Chegada: %%Saida%%||et_pb_line_break_holder||Retorno: %%Destino%%||et_pb_line_break_holder||Passageiros: %%Number%%||et_pb_line_break_holder||Consulta: %%Message%%&#8221; _builder_version=&#8221;4.23.1&#8243; _module_preset=&#8221;default&#8221; _unique_id=&#8221;181db720-8bf2-4a49-96f9-ea7bfc5a3922&#8243; custom_button=&#8221;on&#8221; button_text_color=&#8221;#FFFFFF&#8221; button_bg_color=&#8221;#e25041&#8243; button_border_width=&#8221;0px&#8221; button_border_radius=&#8221;15px&#8221; hover_enabled=&#8221;0&#8243; global_colors_info=&#8221;{}&#8221; sticky_enabled=&#8221;0&#8243;][et_pb_contact_field field_id=&#8221;Name&#8221; field_title=&#8221;Nome e Sobrenome&#8221; _builder_version=&#8221;4.16&#8243; global_colors_info=&#8221;{}&#8221; button_text_size__hover_enabled=&#8221;off&#8221; button_one_text_size__hover_enabled=&#8221;off&#8221; button_two_text_size__hover_enabled=&#8221;off&#8221; button_text_color__hover_enabled=&#8221;off&#8221; button_one_text_color__hover_enabled=&#8221;off&#8221; button_two_text_color__hover_enabled=&#8221;off&#8221; button_border_width__hover_enabled=&#8221;off&#8221; button_one_border_width__hover_enabled=&#8221;off&#8221; button_two_border_width__hover_enabled=&#8221;off&#8221; button_border_color__hover_enabled=&#8221;off&#8221; button_one_border_color__hover_enabled=&#8221;off&#8221; button_two_border_color__hover_enabled=&#8221;off&#8221; button_border_radius__hover_enabled=&#8221;off&#8221; button_one_border_radius__hover_enabled=&#8221;off&#8221; button_two_border_radius__hover_enabled=&#8221;off&#8221; button_letter_spacing__hover_enabled=&#8221;off&#8221; button_one_letter_spacing__hover_enabled=&#8221;off&#8221; button_two_letter_spacing__hover_enabled=&#8221;off&#8221; button_bg_color__hover_enabled=&#8221;off&#8221; button_one_bg_color__hover_enabled=&#8221;off&#8221; button_two_bg_color__hover_enabled=&#8221;off&#8221;][\/et_pb_contact_field][et_pb_contact_field field_id=&#8221;Phone&#8221; field_title=&#8221;Telefone com DDD&#8221; _builder_version=&#8221;4.16&#8243; global_colors_info=&#8221;{}&#8221; button_text_size__hover_enabled=&#8221;off&#8221; button_one_text_size__hover_enabled=&#8221;off&#8221; button_two_text_size__hover_enabled=&#8221;off&#8221; button_text_color__hover_enabled=&#8221;off&#8221; button_one_text_color__hover_enabled=&#8221;off&#8221; button_two_text_color__hover_enabled=&#8221;off&#8221; button_border_width__hover_enabled=&#8221;off&#8221; button_one_border_width__hover_enabled=&#8221;off&#8221; button_two_border_width__hover_enabled=&#8221;off&#8221; button_border_color__hover_enabled=&#8221;off&#8221; button_one_border_color__hover_enabled=&#8221;off&#8221; button_two_border_color__hover_enabled=&#8221;off&#8221; button_border_radius__hover_enabled=&#8221;off&#8221; button_one_border_radius__hover_enabled=&#8221;off&#8221; button_two_border_radius__hover_enabled=&#8221;off&#8221; button_letter_spacing__hover_enabled=&#8221;off&#8221; button_one_letter_spacing__hover_enabled=&#8221;off&#8221; button_two_letter_spacing__hover_enabled=&#8221;off&#8221; button_bg_color__hover_enabled=&#8221;off&#8221; button_one_bg_color__hover_enabled=&#8221;off&#8221; button_two_bg_color__hover_enabled=&#8221;off&#8221;][\/et_pb_contact_field][et_pb_contact_field field_id=&#8221;Email&#8221; field_title=&#8221;E-mail&#8221; field_type=&#8221;email&#8221; _builder_version=&#8221;4.16&#8243; global_colors_info=&#8221;{}&#8221; button_text_size__hover_enabled=&#8221;off&#8221; button_one_text_size__hover_enabled=&#8221;off&#8221; button_two_text_size__hover_enabled=&#8221;off&#8221; button_text_color__hover_enabled=&#8221;off&#8221; button_one_text_color__hover_enabled=&#8221;off&#8221; button_two_text_color__hover_enabled=&#8221;off&#8221; button_border_width__hover_enabled=&#8221;off&#8221; button_one_border_width__hover_enabled=&#8221;off&#8221; button_two_border_width__hover_enabled=&#8221;off&#8221; button_border_color__hover_enabled=&#8221;off&#8221; button_one_border_color__hover_enabled=&#8221;off&#8221; button_two_border_color__hover_enabled=&#8221;off&#8221; button_border_radius__hover_enabled=&#8221;off&#8221; button_one_border_radius__hover_enabled=&#8221;off&#8221; button_two_border_radius__hover_enabled=&#8221;off&#8221; button_letter_spacing__hover_enabled=&#8221;off&#8221; button_one_letter_spacing__hover_enabled=&#8221;off&#8221; button_two_letter_spacing__hover_enabled=&#8221;off&#8221; button_bg_color__hover_enabled=&#8221;off&#8221; button_one_bg_color__hover_enabled=&#8221;off&#8221; button_two_bg_color__hover_enabled=&#8221;off&#8221;][\/et_pb_contact_field][et_pb_contact_field field_id=&#8221;Data&#8221; field_title=&#8221;Data&#8221; _builder_version=&#8221;4.16&#8243; global_colors_info=&#8221;{}&#8221; button_text_size__hover_enabled=&#8221;off&#8221; button_one_text_size__hover_enabled=&#8221;off&#8221; button_two_text_size__hover_enabled=&#8221;off&#8221; button_text_color__hover_enabled=&#8221;off&#8221; button_one_text_color__hover_enabled=&#8221;off&#8221; button_two_text_color__hover_enabled=&#8221;off&#8221; button_border_width__hover_enabled=&#8221;off&#8221; button_one_border_width__hover_enabled=&#8221;off&#8221; button_two_border_width__hover_enabled=&#8221;off&#8221; button_border_color__hover_enabled=&#8221;off&#8221; button_one_border_color__hover_enabled=&#8221;off&#8221; button_two_border_color__hover_enabled=&#8221;off&#8221; button_border_radius__hover_enabled=&#8221;off&#8221; button_one_border_radius__hover_enabled=&#8221;off&#8221; button_two_border_radius__hover_enabled=&#8221;off&#8221; button_letter_spacing__hover_enabled=&#8221;off&#8221; button_one_letter_spacing__hover_enabled=&#8221;off&#8221; button_two_letter_spacing__hover_enabled=&#8221;off&#8221; button_bg_color__hover_enabled=&#8221;off&#8221; button_one_bg_color__hover_enabled=&#8221;off&#8221; button_two_bg_color__hover_enabled=&#8221;off&#8221;][\/et_pb_contact_field][et_pb_contact_field field_id=&#8221;Saida&#8221; field_title=&#8221;Local de Sa\u00edda&#8221; _builder_version=&#8221;4.16&#8243; _module_preset=&#8221;default&#8221; global_colors_info=&#8221;{}&#8221;][\/et_pb_contact_field][et_pb_contact_field field_id=&#8221;Destino&#8221; field_title=&#8221;Local de Destino&#8221; _builder_version=&#8221;4.16&#8243; _module_preset=&#8221;default&#8221; global_colors_info=&#8221;{}&#8221;][\/et_pb_contact_field][et_pb_contact_field field_id=&#8221;Number&#8221; field_title=&#8221;N\u00famero de passageiros&#8221; field_type=&#8221;select&#8221; select_options=&#8221;%91{%22value%22:%221%22,%22checked%22:0,%22dragID%22:-1},{%22value%22:%222%22,%22checked%22:0,%22dragID%22:0},{%22value%22:%223%22,%22checked%22:0,%22dragID%22:1},{%22value%22:%224%22,%22checked%22:0,%22dragID%22:2},{%22value%22:%225%22,%22checked%22:0,%22dragID%22:3},{%22value%22:%226%22,%22checked%22:0,%22dragID%22:4},{%22value%22:%227%22,%22checked%22:0,%22dragID%22:5},{%22value%22:%228%22,%22checked%22:0,%22dragID%22:6},{%22value%22:%229%22,%22checked%22:0,%22dragID%22:7},{%22value%22:%2210%22,%22checked%22:0,%22dragID%22:8},{%22value%22:%22Mais%22,%22checked%22:0,%22dragID%22:9}%93&#8243; _builder_version=&#8221;4.16&#8243; _module_preset=&#8221;default&#8221; global_colors_info=&#8221;{}&#8221;][\/et_pb_contact_field][et_pb_contact_field field_id=&#8221;Message&#8221; field_title=&#8221;Consulta&#8221; field_type=&#8221;text&#8221; fullwidth_field=&#8221;on&#8221; _builder_version=&#8221;4.16&#8243; global_colors_info=&#8221;{}&#8221; button_text_size__hover_enabled=&#8221;off&#8221; button_one_text_size__hover_enabled=&#8221;off&#8221; button_two_text_size__hover_enabled=&#8221;off&#8221; button_text_color__hover_enabled=&#8221;off&#8221; button_one_text_color__hover_enabled=&#8221;off&#8221; button_two_text_color__hover_enabled=&#8221;off&#8221; button_border_width__hover_enabled=&#8221;off&#8221; button_one_border_width__hover_enabled=&#8221;off&#8221; button_two_border_width__hover_enabled=&#8221;off&#8221; button_border_color__hover_enabled=&#8221;off&#8221; button_one_border_color__hover_enabled=&#8221;off&#8221; button_two_border_color__hover_enabled=&#8221;off&#8221; button_border_radius__hover_enabled=&#8221;off&#8221; button_one_border_radius__hover_enabled=&#8221;off&#8221; button_two_border_radius__hover_enabled=&#8221;off&#8221; button_letter_spacing__hover_enabled=&#8221;off&#8221; button_one_letter_spacing__hover_enabled=&#8221;off&#8221; button_two_letter_spacing__hover_enabled=&#8221;off&#8221; button_bg_color__hover_enabled=&#8221;off&#8221; button_one_bg_color__hover_enabled=&#8221;off&#8221; button_two_bg_color__hover_enabled=&#8221;off&#8221;][\/et_pb_contact_field][\/et_pb_contact_form][\/et_pb_column][\/et_pb_row][\/et_pb_section]<\/p>\n","protected":false},"excerpt":{"rendered":"<p>Para quem n\u00e3o sabe como chegar em Paraty, ou n\u00e3o gosta de esperar e fazer conex\u00f5es, lhe oferecemos a melhor e mais segura op\u00e7\u00e3o de traslado at\u00e9 Paraty. Os transfers regulares saem de hot\u00e9is e aeroportos das cidades mais visitadas perto de Paraty:\u00a0 Rio de Janeiro e S\u00e3o Paulo. O servi\u00e7o sai da cidade onde [&hellip;]<\/p>\n","protected":false},"author":2,"featured_media":0,"parent":0,"menu_order":28,"comment_status":"closed","ping_status":"closed","template":"","meta":{"_et_pb_use_builder":"on","_et_pb_old_content":"<h3>Transfers Rio de Janeiro to Paraty<\/h3>\n<h3>Regular Transfers - R$220<\/h3>\nTravelling abroad always enthralls unforeseen issues. So that you avoid these unnecessary complications we offer you the option of&nbsp;<strong>on-line bookings for&nbsp;transfers from Rio de Janeiro&nbsp;to Paraty<\/strong>, from the airport (Aeroporto Internacional Galeao)&nbsp;or any Hotel in Copacabana, Ipanema and Leblon, to the door of&nbsp;your Hotel in Paraty.\n\nIf you decide to stay a few days in Rio de Janeiro&nbsp;before coming to Paraty, you can also&nbsp;<em>book a door to door transfer<\/em>from&nbsp;your Hotel&nbsp;to Paraty.&nbsp;You can even book&nbsp;transfers from Paraty to&nbsp;Rio de Janeiro.&nbsp; &nbsp;No matter which&nbsp;transfer&nbsp;you need, you can&nbsp;safely&nbsp;book it on-line&nbsp;from your computer.\n\n<strong>Regular&nbsp;transfers from Rio de Janeiro to Paraty&nbsp;<\/strong>between the cities of Costa Verde (Rio de Janeiro, Paraty, Angra dos Reis, etc).\n\nThis service runs daily, with a flat fare per person.&nbsp;They provide&nbsp;airport pick up&nbsp;at Rio de Janeiro (GIG \/ SDU), the driver will be waiting for you with an id sign on the landing gate or at the arranged place.\n\nThe&nbsp;<strong>transfer service<\/strong>&nbsp;also provides pick up from HOTELS in RIO (Copacabana \/ Ipanema \/ Leblon), with destination PARATY, stopping at all resorts and hotels of Costa Verde.\n<p align=\"center\">Note: REGULAR SERVICE, MINIMUN 2 PEOPLE<\/p>\n<p style=\"text-align: center;\"><strong>The following information from passengers is required: full name, service date, Air Company and flight number, pick up place and time.<\/strong><\/p>\nDeparture Time from Rio de Janeiro (south area hotel) to Paraty:\n8:30h \/ 11:0h \/ 12:30h \/ 17:0h\n\nDeparture Time from Rio de Janeiro Airport (GIG \/ SDU) to Paraty:\nFlights from 8:30 a.m. to 9:00 p.m. - Note: Delay tolerance is of up to one hour, after that time private transfer fares will be charged.\n\nDeparture Time from Paraty to Rio de Janeiro:\n5:00h \/ 8:30h \/ 12:30h\n<h3>Private Transfers<\/h3>\nOur associates operate&nbsp;<strong>private transfers&nbsp;<\/strong>from S\u00e3o Paulo, Ubatuba, Paraty, Angra dos Reis, Mangaratiba, Rio de Janeiro and B\u00fazios, among other cities.\n\nThis service is provided at request, via booking. This kind of&nbsp;<em>transfer<\/em>&nbsp;is very comfortable since you can choose both time and place to be picked up\n<h3>Prices for Private Transfers<\/h3>\n<style>table, td, th {border:2px solid lightblue;padding:5px;text-align:center;} th {background-color: lightblue;border:2px solid white;}<\/style>\n<table style=\"width: 100%;\">\n<tbody>\n<tr>\n<th>Vehicule \/ Departure point<\/th>\n<th>Car (up to 3 people)<\/th>\n<th>Van (up to 10 people)<\/th>\n<th>Van (up to 15 people)<\/th>\n<\/tr>\n<tr>\n<td>Rio de Janeiro \/ Paraty<\/td>\n<td>\n<p align=\"center\">R$ 960<\/p>\n<\/td>\n<td>R$ 1290<\/td>\n<td>R$ 1440<\/td>\n<\/tr>\n<tr>\n<td>S\u00e3o Paulo (cidade) \/ Paraty<\/td>\n<td>\n<p align=\"center\">R$ 1095<\/p>\n<\/td>\n<td>R$ 1750<\/td>\n<td>R$ 1925<\/td>\n<\/tr>\n<tr>\n<td>S\u00e3o Paulo (GRU) \/ Paraty<\/td>\n<td>\n<p align=\"center\">R$ 1085<\/p>\n<\/td>\n<td>R$ 1720<\/td>\n<td>R$ 1860<\/td>\n<\/tr>\n<tr style=\"height: 20px;\">\n<td>Rio de Janeiro \/Angra (Porto)<\/td>\n<td>R$ 800<\/td>\n<td>R$ 1045<\/td>\n<td>R$ 1230<\/td>\n<\/tr>\n<tr style=\"height: 20px;\">\n<td>Paraty \/ Angra dos Reis ( Porto)<\/td>\n<td>R$ 620<\/td>\n<td>R$ 880<\/td>\n<td>R$ 1000<\/td>\n<\/tr>\n<\/tbody>\n<\/table>","_et_gb_content_width":"","footnotes":""},"class_list":["post-2310","page","type-page","status-publish","hentry"],"_links":{"self":[{"href":"https:\/\/gekopousada.com\/en\/wp-json\/wp\/v2\/pages\/2310","targetHints":{"allow":["GET"]}}],"collection":[{"href":"https:\/\/gekopousada.com\/en\/wp-json\/wp\/v2\/pages"}],"about":[{"href":"https:\/\/gekopousada.com\/en\/wp-json\/wp\/v2\/types\/page"}],"author":[{"embeddable":true,"href":"https:\/\/gekopousada.com\/en\/wp-json\/wp\/v2\/users\/2"}],"replies":[{"embeddable":true,"href":"https:\/\/gekopousada.com\/en\/wp-json\/wp\/v2\/comments?post=2310"}],"version-history":[{"count":19,"href":"https:\/\/gekopousada.com\/en\/wp-json\/wp\/v2\/pages\/2310\/revisions"}],"predecessor-version":[{"id":7009,"href":"https:\/\/gekopousada.com\/en\/wp-json\/wp\/v2\/pages\/2310\/revisions\/7009"}],"wp:attachment":[{"href":"https:\/\/gekopousada.com\/en\/wp-json\/wp\/v2\/media?parent=2310"}],"curies":[{"name":"wp","href":"https:\/\/api.w.org\/{rel}","templated":true}]}}